{"id":2266,"date":"2024-09-20T09:41:41","date_gmt":"2024-09-20T06:41:41","guid":{"rendered":"https:\/\/kayaoglugaraj.com\/?page_id=2266"},"modified":"2024-09-20T09:43:42","modified_gmt":"2024-09-20T06:43:42","slug":"hizmetlerimiz","status":"publish","type":"page","link":"https:\/\/kayaoglugaraj.com\/?page_id=2266","title":{"rendered":"Hizmetlerimiz"},"content":{"rendered":"\t\t<div data-elementor-type=\"wp-page\" data-elementor-id=\"2266\" class=\"elementor elementor-2266\">\n\t\t\t\t<div class=\"elementor-element elementor-element-7581307 e-flex e-con-boxed e-con e-parent\" data-id=\"7581307\" data-element_type=\"container\" data-e-type=\"container\" data-settings=\"{&quot;background_background&quot;:&quot;classic&quot;}\">\n\t\t\t\t\t<div class=\"e-con-inner\">\n\t\t<div class=\"elementor-element elementor-element-ef16098 e-flex e-con-boxed e-con e-child\" data-id=\"ef16098\" data-element_type=\"container\" data-e-type=\"container\">\n\t\t\t\t\t<div class=\"e-con-inner\">\n\t\t\t\t<div class=\"elementor-element elementor-element-97206c1 elementor-widget elementor-widget-fixturbo-theme-section-title-one-widget\" data-id=\"97206c1\" data-element_type=\"widget\" data-e-type=\"widget\" data-widget_type=\"fixturbo-theme-section-title-one-widget.default\">\n\t\t\t\t<div class=\"elementor-widget-container\">\n\t\t\t\t\t        <div class=\"theme-section-title title-area \"\r\n             style=\"text-align:center\">\r\n                            <h6 class=\"sub-title style1\">\r\n                    \u00d6ne \u00c7\u0131kan                <\/h6>\r\n                        <h4 class=\"title\">\r\n                Hizmetlerimiz            <\/h4>\r\n                                <\/div>\r\n        \t\t\t\t<\/div>\n\t\t\t\t<\/div>\n\t\t\t\t\t<\/div>\n\t\t\t\t<\/div>\n\t\t<div class=\"elementor-element elementor-element-ca28416 e-grid e-con-full e-con e-child\" data-id=\"ca28416\" data-element_type=\"container\" data-e-type=\"container\">\n\t\t\t\t<div class=\"elementor-element elementor-element-bbf539c elementor-position-top elementor-widget elementor-widget-image-box\" data-id=\"bbf539c\" data-element_type=\"widget\" data-e-type=\"widget\" data-widget_type=\"image-box.default\">\n\t\t\t\t<div class=\"elementor-widget-container\">\n\t\t\t\t\t<div class=\"elementor-image-box-wrapper\"><figure class=\"elementor-image-box-img\"><img fetchpriority=\"high\" decoding=\"async\" width=\"410\" height=\"226\" src=\"https:\/\/kayaoglugaraj.com\/wp-content\/uploads\/2024\/03\/service-1-1.png\" class=\"attachment-full size-full wp-image-137\" alt=\"\" srcset=\"https:\/\/kayaoglugaraj.com\/wp-content\/uploads\/2024\/03\/service-1-1.png 410w, https:\/\/kayaoglugaraj.com\/wp-content\/uploads\/2024\/03\/service-1-1-300x165.png 300w\" sizes=\"(max-width: 410px) 100vw, 410px\" \/><\/figure><div class=\"elementor-image-box-content\"><h3 class=\"elementor-image-box-title\">Araba Tamiri<\/h3><p class=\"elementor-image-box-description\">Araba tamiri, arac\u0131n performans\u0131n\u0131 ve g\u00fcvenli\u011fini korumak i\u00e7in motor, fren, elektrik ve di\u011fer sistemlerdeki ar\u0131zalar\u0131n onar\u0131lmas\u0131n\u0131 sa\u011flar.<\/p><\/div><\/div>\t\t\t\t<\/div>\n\t\t\t\t<\/div>\n\t\t\t\t<div class=\"elementor-element elementor-element-89779ff elementor-position-top elementor-widget elementor-widget-image-box\" data-id=\"89779ff\" data-element_type=\"widget\" data-e-type=\"widget\" data-widget_type=\"image-box.default\">\n\t\t\t\t<div class=\"elementor-widget-container\">\n\t\t\t\t\t<div class=\"elementor-image-box-wrapper\"><figure class=\"elementor-image-box-img\"><img decoding=\"async\" width=\"410\" height=\"226\" src=\"https:\/\/kayaoglugaraj.com\/wp-content\/uploads\/2024\/03\/service-1-2.png\" class=\"attachment-full size-full wp-image-138\" alt=\"\" srcset=\"https:\/\/kayaoglugaraj.com\/wp-content\/uploads\/2024\/03\/service-1-2.png 410w, https:\/\/kayaoglugaraj.com\/wp-content\/uploads\/2024\/03\/service-1-2-300x165.png 300w\" sizes=\"(max-width: 410px) 100vw, 410px\" \/><\/figure><div class=\"elementor-image-box-content\"><h3 class=\"elementor-image-box-title\">Mekanik Tamir<\/h3><p class=\"elementor-image-box-description\">Mekanik tamir, arac\u0131n motor, \u015fanz\u0131man ve fren sistemi gibi temel par\u00e7alar\u0131n\u0131n onar\u0131m\u0131n\u0131 yaparak g\u00fcvenli ve sorunsuz \u00e7al\u0131\u015fmas\u0131n\u0131 sa\u011flar.<\/p><\/div><\/div>\t\t\t\t<\/div>\n\t\t\t\t<\/div>\n\t\t\t\t<div class=\"elementor-element elementor-element-5987fed elementor-position-top elementor-widget elementor-widget-image-box\" data-id=\"5987fed\" data-element_type=\"widget\" data-e-type=\"widget\" data-widget_type=\"image-box.default\">\n\t\t\t\t<div class=\"elementor-widget-container\">\n\t\t\t\t\t<div class=\"elementor-image-box-wrapper\"><figure class=\"elementor-image-box-img\"><img decoding=\"async\" width=\"410\" height=\"226\" src=\"https:\/\/kayaoglugaraj.com\/wp-content\/uploads\/2024\/03\/service-1-3.png\" class=\"attachment-full size-full wp-image-139\" alt=\"\" srcset=\"https:\/\/kayaoglugaraj.com\/wp-content\/uploads\/2024\/03\/service-1-3.png 410w, https:\/\/kayaoglugaraj.com\/wp-content\/uploads\/2024\/03\/service-1-3-300x165.png 300w\" sizes=\"(max-width: 410px) 100vw, 410px\" \/><\/figure><div class=\"elementor-image-box-content\"><h3 class=\"elementor-image-box-title\">Ya\u011f Bak\u0131m\u0131 &amp; Filitre De\u011fi\u015fim<\/h3><p class=\"elementor-image-box-description\">Ya\u011f bak\u0131m ve filtre de\u011fi\u015fimi, arac\u0131n motorunun verimli \u00e7al\u0131\u015fmas\u0131n\u0131 sa\u011flamak i\u00e7in motor ya\u011f\u0131 ve filtrelerin d\u00fczenli olarak yenilenmesini i\u00e7erir.<\/p><\/div><\/div>\t\t\t\t<\/div>\n\t\t\t\t<\/div>\n\t\t\t\t<div class=\"elementor-element elementor-element-b6f5bac elementor-position-top elementor-widget elementor-widget-image-box\" data-id=\"b6f5bac\" data-element_type=\"widget\" data-e-type=\"widget\" data-widget_type=\"image-box.default\">\n\t\t\t\t<div class=\"elementor-widget-container\">\n\t\t\t\t\t<div class=\"elementor-image-box-wrapper\"><figure class=\"elementor-image-box-img\"><img loading=\"lazy\" decoding=\"async\" width=\"410\" height=\"226\" src=\"https:\/\/kayaoglugaraj.com\/wp-content\/uploads\/2024\/03\/service-1-5.png\" class=\"attachment-full size-full wp-image-141\" alt=\"\" srcset=\"https:\/\/kayaoglugaraj.com\/wp-content\/uploads\/2024\/03\/service-1-5.png 410w, https:\/\/kayaoglugaraj.com\/wp-content\/uploads\/2024\/03\/service-1-5-300x165.png 300w\" sizes=\"(max-width: 410px) 100vw, 410px\" \/><\/figure><div class=\"elementor-image-box-content\"><h3 class=\"elementor-image-box-title\">Fren Bak\u0131m &amp; Tamiri<\/h3><p class=\"elementor-image-box-description\">Fren bak\u0131m ve tamiri, arac\u0131n fren sistemindeki a\u015f\u0131nm\u0131\u015f veya ar\u0131zal\u0131 par\u00e7alar\u0131 onararak, s\u00fcr\u00fc\u015f g\u00fcvenli\u011fini art\u0131r\u0131r ve frenlerin etkinli\u011fini sa\u011flar.<\/p><\/div><\/div>\t\t\t\t<\/div>\n\t\t\t\t<\/div>\n\t\t\t\t<div class=\"elementor-element elementor-element-5602957 elementor-position-top elementor-widget elementor-widget-image-box\" data-id=\"5602957\" data-element_type=\"widget\" data-e-type=\"widget\" data-widget_type=\"image-box.default\">\n\t\t\t\t<div class=\"elementor-widget-container\">\n\t\t\t\t\t<div class=\"elementor-image-box-wrapper\"><figure class=\"elementor-image-box-img\"><img loading=\"lazy\" decoding=\"async\" width=\"410\" height=\"226\" src=\"https:\/\/kayaoglugaraj.com\/wp-content\/uploads\/2024\/09\/about_1-2-1.png\" class=\"attachment-full size-full wp-image-2167\" alt=\"\" srcset=\"https:\/\/kayaoglugaraj.com\/wp-content\/uploads\/2024\/09\/about_1-2-1.png 410w, https:\/\/kayaoglugaraj.com\/wp-content\/uploads\/2024\/09\/about_1-2-1-300x165.png 300w\" sizes=\"(max-width: 410px) 100vw, 410px\" \/><\/figure><div class=\"elementor-image-box-content\"><h3 class=\"elementor-image-box-title\">Alt Tak\u0131m<\/h3><p class=\"elementor-image-box-description\">Alt tak\u0131m, arac\u0131n s\u00fcspansiyon, direksiyon ve \u015fasi bile\u015fenlerini kapsayarak, yol tutu\u015funu ve s\u00fcr\u00fc\u015f konforunu optimize eder.<\/p><\/div><\/div>\t\t\t\t<\/div>\n\t\t\t\t<\/div>\n\t\t\t\t<div class=\"elementor-element elementor-element-fbadac3 elementor-position-top elementor-widget elementor-widget-image-box\" data-id=\"fbadac3\" data-element_type=\"widget\" data-e-type=\"widget\" data-widget_type=\"image-box.default\">\n\t\t\t\t<div class=\"elementor-widget-container\">\n\t\t\t\t\t<div class=\"elementor-image-box-wrapper\"><figure class=\"elementor-image-box-img\"><img loading=\"lazy\" decoding=\"async\" width=\"410\" height=\"230\" src=\"https:\/\/kayaoglugaraj.com\/wp-content\/uploads\/2024\/03\/service-details1-2.png\" class=\"attachment-full size-full wp-image-196\" alt=\"\" srcset=\"https:\/\/kayaoglugaraj.com\/wp-content\/uploads\/2024\/03\/service-details1-2.png 410w, https:\/\/kayaoglugaraj.com\/wp-content\/uploads\/2024\/03\/service-details1-2-300x168.png 300w\" sizes=\"(max-width: 410px) 100vw, 410px\" \/><\/figure><div class=\"elementor-image-box-content\"><h3 class=\"elementor-image-box-title\">Detayl\u0131 Mekanik Bak\u0131m<\/h3><p class=\"elementor-image-box-description\">Detayl\u0131 mekanik bak\u0131m, arac\u0131n motor, \u015fanz\u0131man ve fren sistemlerini kapsaml\u0131 bir \u015fekilde kontrol ederek, olas\u0131 ar\u0131zalar\u0131 erken tespit eder ve \u00f6nler.<\/p><\/div><\/div>\t\t\t\t<\/div>\n\t\t\t\t<\/div>\n\t\t\t\t<\/div>\n\t\t\t\t\t<\/div>\n\t\t\t\t<\/div>\n\t\t\t\t<\/div>\n\t\t","protected":false},"excerpt":{"rendered":"<p>\u00d6ne \u00c7\u0131kan Hizmetlerimiz Araba Tamiri Araba tamiri, arac\u0131n performans\u0131n\u0131 ve g\u00fcvenli\u011fini korumak i\u00e7in motor, fren, elektrik ve di\u011fer sistemlerdeki ar\u0131zalar\u0131n onar\u0131lmas\u0131n\u0131 sa\u011flar. Mekanik Tamir Mekanik tamir, arac\u0131n motor, \u015fanz\u0131man ve fren sistemi gibi temel par\u00e7alar\u0131n\u0131n onar\u0131m\u0131n\u0131 yaparak g\u00fcvenli ve sorunsuz \u00e7al\u0131\u015fmas\u0131n\u0131 sa\u011flar. Ya\u011f Bak\u0131m\u0131 &#038; Filitre De\u011fi\u015fim Ya\u011f bak\u0131m ve filtre de\u011fi\u015fimi, arac\u0131n motorunun verimli<\/p>\n","protected":false},"author":1,"featured_media":0,"parent":0,"menu_order":0,"comment_status":"closed","ping_status":"closed","template":"elementor_header_footer","meta":{"footnotes":""},"class_list":["post-2266","page","type-page","status-publish","hentry"],"_links":{"self":[{"href":"https:\/\/kayaoglugaraj.com\/index.php?rest_route=\/wp\/v2\/pages\/2266","targetHints":{"allow":["GET"]}}],"collection":[{"href":"https:\/\/kayaoglugaraj.com\/index.php?rest_route=\/wp\/v2\/pages"}],"about":[{"href":"https:\/\/kayaoglugaraj.com\/index.php?rest_route=\/wp\/v2\/types\/page"}],"author":[{"embeddable":true,"href":"https:\/\/kayaoglugaraj.com\/index.php?rest_route=\/wp\/v2\/users\/1"}],"replies":[{"embeddable":true,"href":"https:\/\/kayaoglugaraj.com\/index.php?rest_route=%2Fwp%2Fv2%2Fcomments&post=2266"}],"version-history":[{"count":4,"href":"https:\/\/kayaoglugaraj.com\/index.php?rest_route=\/wp\/v2\/pages\/2266\/revisions"}],"predecessor-version":[{"id":2270,"href":"https:\/\/kayaoglugaraj.com\/index.php?rest_route=\/wp\/v2\/pages\/2266\/revisions\/2270"}],"wp:attachment":[{"href":"https:\/\/kayaoglugaraj.com\/index.php?rest_route=%2Fwp%2Fv2%2Fmedia&parent=2266"}],"curies":[{"name":"wp","href":"https:\/\/api.w.org\/{rel}","templated":true}]}}